{"id":62709,"date":"2026-02-25T12:41:14","date_gmt":"2026-02-25T11:41:14","guid":{"rendered":"https:\/\/carlosoconnor.es\/?page_id=62709"},"modified":"2026-02-25T13:11:25","modified_gmt":"2026-02-25T12:11:25","slug":"videos-sobre-patologias","status":"publish","type":"page","link":"https:\/\/carlosoconnor.es\/en\/videos-sobre-patologias\/","title":{"rendered":"V\u00eddeos sobre patolog\u00edas"},"content":{"rendered":"<div data-elementor-type=\"wp-page\" data-elementor-id=\"62709\" class=\"elementor elementor-62709\">\n\t\t\t\t\t\t<section class=\"elementor-section elementor-top-section elementor-element elementor-element-f71d145 elementor-section-boxed elementor-section-height-default elementor-section-height-default sc_fly_static\" data-id=\"f71d145\" data-element_type=\"section\">\n\t\t\t\t\t\t<div class=\"elementor-container elementor-column-gap-extended\">\n\t\t\t\t\t<div class=\"elementor-column elementor-col-20 elementor-top-column elementor-element elementor-element-ca29948 sc_content_align_inherit sc_layouts_column_icons_position_left sc_fly_static\" data-id=\"ca29948\" data-element_type=\"column\">\n\t\t\t<div class=\"elementor-widget-wrap elementor-element-populated\">\n\t\t\t\t\t\t<div class=\"elementor-element elementor-element-20f841f sc_fly_static elementor-widget elementor-widget-text-editor\" data-id=\"20f841f\" data-element_type=\"widget\" data-widget_type=\"text-editor.default\">\n\t\t\t\t<div class=\"elementor-widget-container\">\n\t\t\t\t\t\t\t\t\t<p style=\"text-align: center;\"><a href=\"https:\/\/carlosoconnor.es\/en\/videos-sobre-patologias\/#alergias\">Alergias e inmunolog\u00eda<\/a><\/p>\t\t\t\t\t\t\t\t<\/div>\n\t\t\t\t<\/div>\n\t\t\t\t\t<\/div>\n\t\t<\/div>\n\t\t\t\t<div class=\"elementor-column elementor-col-20 elementor-top-column elementor-element elementor-element-d9a6270 sc_content_align_inherit sc_layouts_column_icons_position_left sc_fly_static\" data-id=\"d9a6270\" data-element_type=\"column\">\n\t\t\t<div class=\"elementor-widget-wrap elementor-element-populated\">\n\t\t\t\t\t\t<div class=\"elementor-element elementor-element-3273103 sc_fly_static elementor-widget elementor-widget-text-editor\" data-id=\"3273103\" data-element_type=\"widget\" data-widget_type=\"text-editor.default\">\n\t\t\t\t<div class=\"elementor-widget-container\">\n\t\t\t\t\t\t\t\t\t<p style=\"text-align: center;\"><a href=\"https:\/\/carlosoconnor.es\/en\/videos-sobre-patologias\/#cancer\">C\u00e1ncer<\/a><\/p>\t\t\t\t\t\t\t\t<\/div>\n\t\t\t\t<\/div>\n\t\t\t\t\t<\/div>\n\t\t<\/div>\n\t\t\t\t<div class=\"elementor-column elementor-col-20 elementor-top-column elementor-element elementor-element-7a711e0 sc_content_align_inherit sc_layouts_column_icons_position_left sc_fly_static\" data-id=\"7a711e0\" data-element_type=\"column\">\n\t\t\t<div class=\"elementor-widget-wrap elementor-element-populated\">\n\t\t\t\t\t\t<div class=\"elementor-element elementor-element-5421389 sc_fly_static elementor-widget elementor-widget-text-editor\" data-id=\"5421389\" data-element_type=\"widget\" data-widget_type=\"text-editor.default\">\n\t\t\t\t<div class=\"elementor-widget-container\">\n\t\t\t\t\t\t\t\t\t<p style=\"text-align: center;\"><a href=\"https:\/\/carlosoconnor.es\/en\/videos-sobre-patologias\/#oidos-nariz-garganta\">O\u00eddos, nariz y garganta<\/a><\/p>\t\t\t\t\t\t\t\t<\/div>\n\t\t\t\t<\/div>\n\t\t\t\t\t<\/div>\n\t\t<\/div>\n\t\t\t\t<div class=\"elementor-column elementor-col-20 elementor-top-column elementor-element elementor-element-26a83e3 sc_content_align_inherit sc_layouts_column_icons_position_left sc_fly_static\" data-id=\"26a83e3\" data-element_type=\"column\">\n\t\t\t<div class=\"elementor-widget-wrap elementor-element-populated\">\n\t\t\t\t\t\t<div class=\"elementor-element elementor-element-ee5896f sc_fly_static elementor-widget elementor-widget-text-editor\" data-id=\"ee5896f\" data-element_type=\"widget\" data-widget_type=\"text-editor.default\">\n\t\t\t\t<div class=\"elementor-widget-container\">\n\t\t\t\t\t\t\t\t\t<p style=\"text-align: center;\"><a href=\"https:\/\/carlosoconnor.es\/en\/videos-sobre-patologias\/#endocrino\">Endocrinolog\u00eda<\/a><\/p>\t\t\t\t\t\t\t\t<\/div>\n\t\t\t\t<\/div>\n\t\t\t\t\t<\/div>\n\t\t<\/div>\n\t\t\t\t<div class=\"elementor-column elementor-col-20 elementor-top-column elementor-element elementor-element-08beddd sc_content_align_inherit sc_layouts_column_icons_position_left sc_fly_static\" data-id=\"08beddd\" data-element_type=\"column\">\n\t\t\t<div class=\"elementor-widget-wrap elementor-element-populated\">\n\t\t\t\t\t\t<div class=\"elementor-element elementor-element-e7c38d0 sc_fly_static elementor-widget elementor-widget-text-editor\" data-id=\"e7c38d0\" data-element_type=\"widget\" data-widget_type=\"text-editor.default\">\n\t\t\t\t<div class=\"elementor-widget-container\">\n\t\t\t\t\t\t\t\t\t<p style=\"text-align: center;\"><a href=\"https:\/\/carlosoconnor.es\/en\/videos-sobre-patologias\/#neurologia\">Neurolog\u00eda<\/a><\/p>\t\t\t\t\t\t\t\t<\/div>\n\t\t\t\t<\/div>\n\t\t\t\t\t<\/div>\n\t\t<\/div>\n\t\t\t\t\t<\/div>\n\t\t<\/section>\n\t\t\t\t<section class=\"elementor-section elementor-top-section elementor-element elementor-element-aa00849 elementor-section-boxed elementor-section-height-default elementor-section-height-default sc_fly_static\" data-id=\"aa00849\" data-element_type=\"section\">\n\t\t\t\t\t\t<div class=\"elementor-container elementor-column-gap-extended\">\n\t\t\t\t\t<div class=\"elementor-column elementor-col-100 elementor-top-column elementor-element elementor-element-6a6be49 sc_content_align_inherit sc_layouts_column_icons_position_left sc_fly_static\" data-id=\"6a6be49\" data-element_type=\"column\">\n\t\t\t<div class=\"elementor-widget-wrap elementor-element-populated\">\n\t\t\t\t\t\t<div class=\"elementor-element elementor-element-4c1a912 sc_fly_static elementor-widget elementor-widget-spacer\" data-id=\"4c1a912\" data-element_type=\"widget\" data-widget_type=\"spacer.default\">\n\t\t\t\t<div class=\"elementor-widget-container\">\n\t\t\t\t\t\t\t<div class=\"elementor-spacer\">\n\t\t\t<div class=\"elementor-spacer-inner\"><\/div>\n\t\t<\/div>\n\t\t\t\t\t\t<\/div>\n\t\t\t\t<\/div>\n\t\t\t\t<div class=\"elementor-element elementor-element-440c643 sc_fly_static elementor-widget elementor-widget-trx_sc_title\" data-id=\"440c643\" data-element_type=\"widget\" id=\"alergias\" data-widget_type=\"trx_sc_title.default\">\n\t\t\t\t<div class=\"elementor-widget-container\">\n\t\t\t\t\t<div id=\"alergias_sc\"\t\tclass=\"sc_title sc_title_default\" ><span class=\"sc_item_subtitle sc_title_subtitle sc_item_subtitle_above sc_item_title_style_default sc_item_subtitle_with_custom_color trx_addons_inline_1825128831\">Pathologies<\/span><h1 class=\"sc_item_title sc_title_title sc_item_title_style_default sc_item_title_tag trx_addons_inline_1249259060\"\n\t\t\t><span class=\"sc_item_title_text\">Alergias e inmunolog\u00eda<\/span><\/h1><\/div>\t\t\t\t<\/div>\n\t\t\t\t<\/div>\n\t\t\t\t<div class=\"elementor-element elementor-element-041c7fd sc_fly_static elementor-widget elementor-widget-spacer\" data-id=\"041c7fd\" data-element_type=\"widget\" data-widget_type=\"spacer.default\">\n\t\t\t\t<div class=\"elementor-widget-container\">\n\t\t\t\t\t\t\t<div class=\"elementor-spacer\">\n\t\t\t<div class=\"elementor-spacer-inner\"><\/div>\n\t\t<\/div>\n\t\t\t\t\t\t<\/div>\n\t\t\t\t<\/div>\n\t\t\t\t<div class=\"elementor-element elementor-element-b6723c3 sc_fly_static elementor-widget elementor-widget-html\" data-id=\"b6723c3\" data-element_type=\"widget\" data-widget_type=\"html.default\">\n\t\t\t\t<div class=\"elementor-widget-container\">\n\t\t\t\t\t<iframe loading=\"lazy\" src=\"https:\/\/ondemand.viewmedica.com\/6585\/open\/T_f8c024c4?language=es&ccLanguage=es&voLanguage=es\" style=\"width:720px; max-width:100%; aspect-ratio:16\/9; \" allow=\"autoplay; encrypted-media; picture-in-picture; fullscreen; clipboard-write;\" allowfullscreen frameborder=\"0\"><\/iframe>\t\t\t\t<\/div>\n\t\t\t\t<\/div>\n\t\t\t\t<div class=\"elementor-element elementor-element-68a17d7 sc_fly_static elementor-widget elementor-widget-spacer\" data-id=\"68a17d7\" data-element_type=\"widget\" data-widget_type=\"spacer.default\">\n\t\t\t\t<div class=\"elementor-widget-container\">\n\t\t\t\t\t\t\t<div class=\"elementor-spacer\">\n\t\t\t<div class=\"elementor-spacer-inner\"><\/div>\n\t\t<\/div>\n\t\t\t\t\t\t<\/div>\n\t\t\t\t<\/div>\n\t\t\t\t<div class=\"elementor-element elementor-element-125d98c sc_fly_static elementor-widget elementor-widget-trx_sc_title\" data-id=\"125d98c\" data-element_type=\"widget\" id=\"cancer\" data-widget_type=\"trx_sc_title.default\">\n\t\t\t\t<div class=\"elementor-widget-container\">\n\t\t\t\t\t<div id=\"cancer_sc\"\t\tclass=\"sc_title sc_title_default\" ><span class=\"sc_item_subtitle sc_title_subtitle sc_item_subtitle_above sc_item_title_style_default sc_item_subtitle_with_custom_color trx_addons_inline_208378246\">Pathologies<\/span><h1 class=\"sc_item_title sc_title_title sc_item_title_style_default sc_item_title_tag trx_addons_inline_290623205\"\n\t\t\t><span class=\"sc_item_title_text\">C\u00e1ncer<\/span><\/h1><\/div>\t\t\t\t<\/div>\n\t\t\t\t<\/div>\n\t\t\t\t<div class=\"elementor-element elementor-element-bd98781 sc_fly_static elementor-widget elementor-widget-spacer\" data-id=\"bd98781\" data-element_type=\"widget\" data-widget_type=\"spacer.default\">\n\t\t\t\t<div class=\"elementor-widget-container\">\n\t\t\t\t\t\t\t<div class=\"elementor-spacer\">\n\t\t\t<div class=\"elementor-spacer-inner\"><\/div>\n\t\t<\/div>\n\t\t\t\t\t\t<\/div>\n\t\t\t\t<\/div>\n\t\t\t\t<div class=\"elementor-element elementor-element-e4b1aeb sc_fly_static elementor-widget elementor-widget-html\" data-id=\"e4b1aeb\" data-element_type=\"widget\" data-widget_type=\"html.default\">\n\t\t\t\t<div class=\"elementor-widget-container\">\n\t\t\t\t\t<iframe loading=\"lazy\" src=\"https:\/\/ondemand.viewmedica.com\/6585\/open\/T_356a192b?language=es&ccLanguage=es&voLanguage=es\" style=\"width:720px; max-width:100%; aspect-ratio:16\/9; \" allow=\"autoplay; encrypted-media; picture-in-picture; fullscreen; clipboard-write;\" allowfullscreen frameborder=\"0\"><\/iframe>\t\t\t\t<\/div>\n\t\t\t\t<\/div>\n\t\t\t\t<div class=\"elementor-element elementor-element-ea8ee18 sc_fly_static elementor-widget elementor-widget-spacer\" data-id=\"ea8ee18\" data-element_type=\"widget\" data-widget_type=\"spacer.default\">\n\t\t\t\t<div class=\"elementor-widget-container\">\n\t\t\t\t\t\t\t<div class=\"elementor-spacer\">\n\t\t\t<div class=\"elementor-spacer-inner\"><\/div>\n\t\t<\/div>\n\t\t\t\t\t\t<\/div>\n\t\t\t\t<\/div>\n\t\t\t\t<div class=\"elementor-element elementor-element-07c825f sc_fly_static elementor-widget elementor-widget-trx_sc_title\" data-id=\"07c825f\" data-element_type=\"widget\" id=\"oidos-nariz-garganta\" data-widget_type=\"trx_sc_title.default\">\n\t\t\t\t<div class=\"elementor-widget-container\">\n\t\t\t\t\t<div id=\"oidos-nariz-garganta_sc\"\t\tclass=\"sc_title sc_title_default\" ><span class=\"sc_item_subtitle sc_title_subtitle sc_item_subtitle_above sc_item_title_style_default sc_item_subtitle_with_custom_color trx_addons_inline_1657122707\">Pathologies<\/span><h1 class=\"sc_item_title sc_title_title sc_item_title_style_default sc_item_title_tag trx_addons_inline_758074424\"\n\t\t\t><span class=\"sc_item_title_text\">O\u00eddos, nariz y garganta<\/span><\/h1><\/div>\t\t\t\t<\/div>\n\t\t\t\t<\/div>\n\t\t\t\t<div class=\"elementor-element elementor-element-73d5297 sc_fly_static elementor-widget elementor-widget-spacer\" data-id=\"73d5297\" data-element_type=\"widget\" data-widget_type=\"spacer.default\">\n\t\t\t\t<div class=\"elementor-widget-container\">\n\t\t\t\t\t\t\t<div class=\"elementor-spacer\">\n\t\t\t<div class=\"elementor-spacer-inner\"><\/div>\n\t\t<\/div>\n\t\t\t\t\t\t<\/div>\n\t\t\t\t<\/div>\n\t\t\t\t<div class=\"elementor-element elementor-element-5224aa5 sc_fly_static elementor-widget elementor-widget-html\" data-id=\"5224aa5\" data-element_type=\"widget\" data-widget_type=\"html.default\">\n\t\t\t\t<div class=\"elementor-widget-container\">\n\t\t\t\t\t<iframe loading=\"lazy\" src=\"https:\/\/ondemand.viewmedica.com\/6585\/open\/T_7719a1c7?language=es&ccLanguage=es&voLanguage=es\" style=\"width:720px; max-width:100%; aspect-ratio:16\/9; \" allow=\"autoplay; encrypted-media; picture-in-picture; fullscreen; clipboard-write;\" allowfullscreen frameborder=\"0\"><\/iframe>\t\t\t\t<\/div>\n\t\t\t\t<\/div>\n\t\t\t\t<div class=\"elementor-element elementor-element-ad0a899 sc_fly_static elementor-widget elementor-widget-spacer\" data-id=\"ad0a899\" data-element_type=\"widget\" data-widget_type=\"spacer.default\">\n\t\t\t\t<div class=\"elementor-widget-container\">\n\t\t\t\t\t\t\t<div class=\"elementor-spacer\">\n\t\t\t<div class=\"elementor-spacer-inner\"><\/div>\n\t\t<\/div>\n\t\t\t\t\t\t<\/div>\n\t\t\t\t<\/div>\n\t\t\t\t<div class=\"elementor-element elementor-element-f35392b sc_fly_static elementor-widget elementor-widget-trx_sc_title\" data-id=\"f35392b\" data-element_type=\"widget\" id=\"endocrino\" data-widget_type=\"trx_sc_title.default\">\n\t\t\t\t<div class=\"elementor-widget-container\">\n\t\t\t\t\t<div id=\"endocrino_sc\"\t\tclass=\"sc_title sc_title_default\" ><span class=\"sc_item_subtitle sc_title_subtitle sc_item_subtitle_above sc_item_title_style_default sc_item_subtitle_with_custom_color trx_addons_inline_1938146055\">Pathologies<\/span><h1 class=\"sc_item_title sc_title_title sc_item_title_style_default sc_item_title_tag trx_addons_inline_280940214\"\n\t\t\t><span class=\"sc_item_title_text\">Endocrinolog\u00eda<\/span><\/h1><\/div>\t\t\t\t<\/div>\n\t\t\t\t<\/div>\n\t\t\t\t<div class=\"elementor-element elementor-element-780957a sc_fly_static elementor-widget elementor-widget-spacer\" data-id=\"780957a\" data-element_type=\"widget\" data-widget_type=\"spacer.default\">\n\t\t\t\t<div class=\"elementor-widget-container\">\n\t\t\t\t\t\t\t<div class=\"elementor-spacer\">\n\t\t\t<div class=\"elementor-spacer-inner\"><\/div>\n\t\t<\/div>\n\t\t\t\t\t\t<\/div>\n\t\t\t\t<\/div>\n\t\t\t\t<div class=\"elementor-element elementor-element-7699c02 sc_fly_static elementor-widget elementor-widget-html\" data-id=\"7699c02\" data-element_type=\"widget\" data-widget_type=\"html.default\">\n\t\t\t\t<div class=\"elementor-widget-container\">\n\t\t\t\t\t<iframe loading=\"lazy\" src=\"https:\/\/ondemand.viewmedica.com\/6585\/open\/T_3464dc11?language=es&ccLanguage=es&voLanguage=es\" style=\"width:720px; max-width:100%; aspect-ratio:16\/9; \" allow=\"autoplay; encrypted-media; picture-in-picture; fullscreen; clipboard-write;\" allowfullscreen frameborder=\"0\"><\/iframe>\t\t\t\t<\/div>\n\t\t\t\t<\/div>\n\t\t\t\t<div class=\"elementor-element elementor-element-f8beafa sc_fly_static elementor-widget elementor-widget-spacer\" data-id=\"f8beafa\" data-element_type=\"widget\" data-widget_type=\"spacer.default\">\n\t\t\t\t<div class=\"elementor-widget-container\">\n\t\t\t\t\t\t\t<div class=\"elementor-spacer\">\n\t\t\t<div class=\"elementor-spacer-inner\"><\/div>\n\t\t<\/div>\n\t\t\t\t\t\t<\/div>\n\t\t\t\t<\/div>\n\t\t\t\t<div class=\"elementor-element elementor-element-b8dbc65 sc_fly_static elementor-widget elementor-widget-trx_sc_title\" data-id=\"b8dbc65\" data-element_type=\"widget\" id=\"neurologia\" data-widget_type=\"trx_sc_title.default\">\n\t\t\t\t<div class=\"elementor-widget-container\">\n\t\t\t\t\t<div id=\"neurologia_sc\"\t\tclass=\"sc_title sc_title_default\" ><span class=\"sc_item_subtitle sc_title_subtitle sc_item_subtitle_above sc_item_title_style_default sc_item_subtitle_with_custom_color trx_addons_inline_1854636478\">Pathologies<\/span><h1 class=\"sc_item_title sc_title_title sc_item_title_style_default sc_item_title_tag trx_addons_inline_1933179426\"\n\t\t\t><span class=\"sc_item_title_text\">Neurolog\u00eda<\/span><\/h1><\/div>\t\t\t\t<\/div>\n\t\t\t\t<\/div>\n\t\t\t\t<div class=\"elementor-element elementor-element-07217b9 sc_fly_static elementor-widget elementor-widget-spacer\" data-id=\"07217b9\" data-element_type=\"widget\" data-widget_type=\"spacer.default\">\n\t\t\t\t<div class=\"elementor-widget-container\">\n\t\t\t\t\t\t\t<div class=\"elementor-spacer\">\n\t\t\t<div class=\"elementor-spacer-inner\"><\/div>\n\t\t<\/div>\n\t\t\t\t\t\t<\/div>\n\t\t\t\t<\/div>\n\t\t\t\t<div class=\"elementor-element elementor-element-dc22ecd sc_fly_static elementor-widget elementor-widget-html\" data-id=\"dc22ecd\" data-element_type=\"widget\" data-widget_type=\"html.default\">\n\t\t\t\t<div class=\"elementor-widget-container\">\n\t\t\t\t\t<iframe loading=\"lazy\" src=\"https:\/\/ondemand.viewmedica.com\/6585\/open\/T_b37f6ddc?language=es&ccLanguage=es&voLanguage=es\" style=\"width:720px; max-width:100%; aspect-ratio:16\/9; \" allow=\"autoplay; encrypted-media; picture-in-picture; fullscreen; clipboard-write;\" allowfullscreen frameborder=\"0\"><\/iframe>\t\t\t\t<\/div>\n\t\t\t\t<\/div>\n\t\t\t\t<div class=\"elementor-element elementor-element-d97683e sc_fly_static elementor-widget elementor-widget-spacer\" data-id=\"d97683e\" data-element_type=\"widget\" data-widget_type=\"spacer.default\">\n\t\t\t\t<div class=\"elementor-widget-container\">\n\t\t\t\t\t\t\t<div class=\"elementor-spacer\">\n\t\t\t<div class=\"elementor-spacer-inner\"><\/div>\n\t\t<\/div>\n\t\t\t\t\t\t<\/div>\n\t\t\t\t<\/div>\n\t\t\t\t\t<\/div>\n\t\t<\/div>\n\t\t\t\t\t<\/div>\n\t\t<\/section>\n\t\t\t\t<\/div>","protected":false},"excerpt":{"rendered":"<p>Alergias e inmunolog\u00eda C\u00e1ncer O\u00eddos, nariz y garganta Endocrinolog\u00eda Neurolog\u00eda Patolog\u00edas Alergias e inmunolog\u00eda Patolog\u00edas C\u00e1ncer Patolog\u00edas O\u00eddos, nariz y garganta Patolog\u00edas Endocrinolog\u00eda Patolog\u00edas Neurolog\u00eda<\/p>","protected":false},"author":1,"featured_media":0,"parent":0,"menu_order":0,"comment_status":"closed","ping_status":"closed","template":"","meta":{"footnotes":""},"class_list":["post-62709","page","type-page","status-publish","hentry"],"yoast_head":"<!-- This site is optimized with the Yoast SEO plugin v26.4 - https:\/\/yoast.com\/wordpress\/plugins\/seo\/ -->\n<title>V\u00eddeos sobre patolog\u00edas - Carlos O&#039;Connor<\/title>\n<meta name=\"robots\" content=\"index, follow, max-snippet:-1, max-image-preview:large, max-video-preview:-1\" \/>\n<link rel=\"canonical\" href=\"https:\/\/carlosoconnor.es\/en\/videos-sobre-patologias\/\" \/>\n<meta property=\"og:locale\" content=\"en_GB\" \/>\n<meta property=\"og:type\" content=\"article\" \/>\n<meta property=\"og:title\" content=\"V\u00eddeos sobre patolog\u00edas - Carlos O&#039;Connor\" \/>\n<meta property=\"og:description\" content=\"Alergias e inmunolog\u00eda C\u00e1ncer O\u00eddos, nariz y garganta Endocrinolog\u00eda Neurolog\u00eda Patolog\u00edas Alergias e inmunolog\u00eda Patolog\u00edas C\u00e1ncer Patolog\u00edas O\u00eddos, nariz y garganta Patolog\u00edas Endocrinolog\u00eda Patolog\u00edas Neurolog\u00eda\" \/>\n<meta property=\"og:url\" content=\"https:\/\/carlosoconnor.es\/en\/videos-sobre-patologias\/\" \/>\n<meta property=\"og:site_name\" content=\"Carlos O&#039;Connor\" \/>\n<meta property=\"article:modified_time\" content=\"2026-02-25T12:11:25+00:00\" \/>\n<meta name=\"twitter:card\" content=\"summary_large_image\" \/>\n<meta name=\"twitter:label1\" content=\"Estimated reading time\" \/>\n\t<meta name=\"twitter:data1\" content=\"1 minute\" \/>\n<script type=\"application\/ld+json\" class=\"yoast-schema-graph\">{\"@context\":\"https:\/\/schema.org\",\"@graph\":[{\"@type\":\"WebPage\",\"@id\":\"https:\/\/carlosoconnor.es\/videos-sobre-patologias\/\",\"url\":\"https:\/\/carlosoconnor.es\/videos-sobre-patologias\/\",\"name\":\"V\u00eddeos sobre patolog\u00edas - Carlos O&#039;Connor\",\"isPartOf\":{\"@id\":\"https:\/\/carlosoconnor.es\/#website\"},\"datePublished\":\"2026-02-25T11:41:14+00:00\",\"dateModified\":\"2026-02-25T12:11:25+00:00\",\"breadcrumb\":{\"@id\":\"https:\/\/carlosoconnor.es\/videos-sobre-patologias\/#breadcrumb\"},\"inLanguage\":\"en-GB\",\"potentialAction\":[{\"@type\":\"ReadAction\",\"target\":[\"https:\/\/carlosoconnor.es\/videos-sobre-patologias\/\"]}]},{\"@type\":\"BreadcrumbList\",\"@id\":\"https:\/\/carlosoconnor.es\/videos-sobre-patologias\/#breadcrumb\",\"itemListElement\":[{\"@type\":\"ListItem\",\"position\":1,\"name\":\"Portada\",\"item\":\"https:\/\/carlosoconnor.es\/\"},{\"@type\":\"ListItem\",\"position\":2,\"name\":\"V\u00eddeos sobre patolog\u00edas\"}]},{\"@type\":\"WebSite\",\"@id\":\"https:\/\/carlosoconnor.es\/#website\",\"url\":\"https:\/\/carlosoconnor.es\/\",\"name\":\"Carlos O&#039;Connor\",\"description\":\"Dr. Carlos O&#039;Connor Reina - Otorrinolaring\u00f3logo\",\"publisher\":{\"@id\":\"https:\/\/carlosoconnor.es\/#organization\"},\"potentialAction\":[{\"@type\":\"SearchAction\",\"target\":{\"@type\":\"EntryPoint\",\"urlTemplate\":\"https:\/\/carlosoconnor.es\/?s={search_term_string}\"},\"query-input\":{\"@type\":\"PropertyValueSpecification\",\"valueRequired\":true,\"valueName\":\"search_term_string\"}}],\"inLanguage\":\"en-GB\"},{\"@type\":\"Organization\",\"@id\":\"https:\/\/carlosoconnor.es\/#organization\",\"name\":\"Carlos O&#039;Connor\",\"url\":\"https:\/\/carlosoconnor.es\/\",\"logo\":{\"@type\":\"ImageObject\",\"inLanguage\":\"en-GB\",\"@id\":\"https:\/\/carlosoconnor.es\/#\/schema\/logo\/image\/\",\"url\":\"https:\/\/carlosoconnor.es\/wp-content\/uploads\/2025\/07\/cropped-logo-wide.png\",\"contentUrl\":\"https:\/\/carlosoconnor.es\/wp-content\/uploads\/2025\/07\/cropped-logo-wide.png\",\"width\":241,\"height\":50,\"caption\":\"Carlos O&#039;Connor\"},\"image\":{\"@id\":\"https:\/\/carlosoconnor.es\/#\/schema\/logo\/image\/\"}}]}<\/script>\n<!-- \/ Yoast SEO plugin. -->","yoast_head_json":{"title":"V\u00eddeos sobre patolog\u00edas - Carlos O&#039;Connor","robots":{"index":"index","follow":"follow","max-snippet":"max-snippet:-1","max-image-preview":"max-image-preview:large","max-video-preview":"max-video-preview:-1"},"canonical":"https:\/\/carlosoconnor.es\/en\/videos-sobre-patologias\/","og_locale":"en_GB","og_type":"article","og_title":"V\u00eddeos sobre patolog\u00edas - Carlos O&#039;Connor","og_description":"Alergias e inmunolog\u00eda C\u00e1ncer O\u00eddos, nariz y garganta Endocrinolog\u00eda Neurolog\u00eda Patolog\u00edas Alergias e inmunolog\u00eda Patolog\u00edas C\u00e1ncer Patolog\u00edas O\u00eddos, nariz y garganta Patolog\u00edas Endocrinolog\u00eda Patolog\u00edas Neurolog\u00eda","og_url":"https:\/\/carlosoconnor.es\/en\/videos-sobre-patologias\/","og_site_name":"Carlos O&#039;Connor","article_modified_time":"2026-02-25T12:11:25+00:00","twitter_card":"summary_large_image","twitter_misc":{"Estimated reading time":"1 minute"},"schema":{"@context":"https:\/\/schema.org","@graph":[{"@type":"WebPage","@id":"https:\/\/carlosoconnor.es\/videos-sobre-patologias\/","url":"https:\/\/carlosoconnor.es\/videos-sobre-patologias\/","name":"V\u00eddeos sobre patolog\u00edas - Carlos O&#039;Connor","isPartOf":{"@id":"https:\/\/carlosoconnor.es\/#website"},"datePublished":"2026-02-25T11:41:14+00:00","dateModified":"2026-02-25T12:11:25+00:00","breadcrumb":{"@id":"https:\/\/carlosoconnor.es\/videos-sobre-patologias\/#breadcrumb"},"inLanguage":"en-GB","potentialAction":[{"@type":"ReadAction","target":["https:\/\/carlosoconnor.es\/videos-sobre-patologias\/"]}]},{"@type":"BreadcrumbList","@id":"https:\/\/carlosoconnor.es\/videos-sobre-patologias\/#breadcrumb","itemListElement":[{"@type":"ListItem","position":1,"name":"Portada","item":"https:\/\/carlosoconnor.es\/"},{"@type":"ListItem","position":2,"name":"V\u00eddeos sobre patolog\u00edas"}]},{"@type":"WebSite","@id":"https:\/\/carlosoconnor.es\/#website","url":"https:\/\/carlosoconnor.es\/","name":"Carlos O&#039;Connor","description":"Dr. Carlos O&#039;Connor Reina - Otorrinolaring\u00f3logo","publisher":{"@id":"https:\/\/carlosoconnor.es\/#organization"},"potentialAction":[{"@type":"SearchAction","target":{"@type":"EntryPoint","urlTemplate":"https:\/\/carlosoconnor.es\/?s={search_term_string}"},"query-input":{"@type":"PropertyValueSpecification","valueRequired":true,"valueName":"search_term_string"}}],"inLanguage":"en-GB"},{"@type":"Organization","@id":"https:\/\/carlosoconnor.es\/#organization","name":"Carlos O&#039;Connor","url":"https:\/\/carlosoconnor.es\/","logo":{"@type":"ImageObject","inLanguage":"en-GB","@id":"https:\/\/carlosoconnor.es\/#\/schema\/logo\/image\/","url":"https:\/\/carlosoconnor.es\/wp-content\/uploads\/2025\/07\/cropped-logo-wide.png","contentUrl":"https:\/\/carlosoconnor.es\/wp-content\/uploads\/2025\/07\/cropped-logo-wide.png","width":241,"height":50,"caption":"Carlos O&#039;Connor"},"image":{"@id":"https:\/\/carlosoconnor.es\/#\/schema\/logo\/image\/"}}]}},"_links":{"self":[{"href":"https:\/\/carlosoconnor.es\/en\/wp-json\/wp\/v2\/pages\/62709","targetHints":{"allow":["GET"]}}],"collection":[{"href":"https:\/\/carlosoconnor.es\/en\/wp-json\/wp\/v2\/pages"}],"about":[{"href":"https:\/\/carlosoconnor.es\/en\/wp-json\/wp\/v2\/types\/page"}],"author":[{"embeddable":true,"href":"https:\/\/carlosoconnor.es\/en\/wp-json\/wp\/v2\/users\/1"}],"replies":[{"embeddable":true,"href":"https:\/\/carlosoconnor.es\/en\/wp-json\/wp\/v2\/comments?post=62709"}],"version-history":[{"count":11,"href":"https:\/\/carlosoconnor.es\/en\/wp-json\/wp\/v2\/pages\/62709\/revisions"}],"predecessor-version":[{"id":62743,"href":"https:\/\/carlosoconnor.es\/en\/wp-json\/wp\/v2\/pages\/62709\/revisions\/62743"}],"wp:attachment":[{"href":"https:\/\/carlosoconnor.es\/en\/wp-json\/wp\/v2\/media?parent=62709"}],"curies":[{"name":"wp","href":"https:\/\/api.w.org\/{rel}","templated":true}]}}